{"id":2151,"date":"2025-12-01T23:36:28","date_gmt":"2025-12-01T22:36:28","guid":{"rendered":"https:\/\/www.upgradingservices.it\/?page_id=2151"},"modified":"2025-12-02T01:34:36","modified_gmt":"2025-12-02T00:34:36","slug":"upgrading-goes-digital","status":"publish","type":"page","link":"https:\/\/www.upgradingservices.it\/index.php\/upgrading-goes-digital\/","title":{"rendered":"Upgrading Goes Digital"},"content":{"rendered":"\t\t<div data-elementor-type=\"wp-page\" data-elementor-id=\"2151\" class=\"elementor elementor-2151\">\n\t\t\t\t<div class=\"elementor-element elementor-element-492d44a8 e-flex e-con-boxed wpr-particle-no wpr-jarallax-no wpr-parallax-no wpr-sticky-section-no wpr-equal-height-no e-con e-parent\" data-id=\"492d44a8\" data-element_type=\"container\" data-e-type=\"container\" data-settings=\"{&quot;background_background&quot;:&quot;classic&quot;}\">\n\t\t\t\t\t<div class=\"e-con-inner\">\n\t\t\t\t<div class=\"elementor-element elementor-element-1509053a elementor-widget elementor-widget-image\" data-id=\"1509053a\" data-element_type=\"widget\" data-e-type=\"widget\" data-widget_type=\"image.default\">\n\t\t\t\t\t\t\t\t\t\t\t\t\t\t\t<img fetchpriority=\"high\" decoding=\"async\" width=\"300\" height=\"300\" src=\"https:\/\/www.upgradingservices.it\/wp-content\/uploads\/2025\/12\/logo_uprading-goes-digital-300x300.png\" class=\"attachment-medium size-medium wp-image-2225\" alt=\"\" srcset=\"https:\/\/www.upgradingservices.it\/wp-content\/uploads\/2025\/12\/logo_uprading-goes-digital-300x300.png 300w, https:\/\/www.upgradingservices.it\/wp-content\/uploads\/2025\/12\/logo_uprading-goes-digital-150x150.png 150w, https:\/\/www.upgradingservices.it\/wp-content\/uploads\/2025\/12\/logo_uprading-goes-digital.png 500w\" sizes=\"(max-width: 300px) 100vw, 300px\" \/>\t\t\t\t\t\t\t\t\t\t\t\t\t\t\t<\/div>\n\t\t\t\t\t<\/div>\n\t\t\t\t<\/div>\n\t\t<div class=\"elementor-element elementor-element-57de4954 e-flex e-con-boxed wpr-particle-no wpr-jarallax-no wpr-parallax-no wpr-sticky-section-no wpr-equal-height-no e-con e-parent\" data-id=\"57de4954\" data-element_type=\"container\" data-e-type=\"container\">\n\t\t\t\t\t<div class=\"e-con-inner\">\n\t\t\t\t<div class=\"elementor-element elementor-element-1728fcd6 elementor-widget elementor-widget-text-editor\" data-id=\"1728fcd6\" data-element_type=\"widget\" data-e-type=\"widget\" data-widget_type=\"text-editor.default\">\n\t\t\t\t\t\t\t\t\t<p>Il Programma Integrato di Agevolazioni (PIA) proposto da Upgrading, cofinanziato dalla Regione Puglia e realizzato in collaborazione con il Politecnico di Bari, \u00e8 denominato \u201cUpgrading Goes Digital\u201d ed \u00e8 finalizzato a dar vita alla trasformazione digitale dell\u2019azienda e del settore della cantieristica e dell\u2019impiantistica, attraverso nuovi processi e nuovi prodotti legati al mondo dell\u2019intelligenza artificiale e della realt\u00e0 aumentata.<\/p><p>Il progetto nasce con l\u2019intendimento di accelerare l\u2019evoluzione di Upgrading da impresa a livello industriale ad impresa \u201cdigitale\u201d, in ottica 4.0, con in pi\u00f9 lo sviluppo della capacit\u00e0 di generare una attivit\u00e0, rivolta a partner, clienti e imprese, di assistenza alla loro stessa trasformazione.<\/p>\t\t\t\t\t\t\t\t<\/div>\n\t\t\t\t\t<\/div>\n\t\t\t\t<\/div>\n\t\t<div class=\"elementor-element elementor-element-236f7151 e-flex e-con-boxed wpr-particle-no wpr-jarallax-no wpr-parallax-no wpr-sticky-section-no wpr-equal-height-no e-con e-parent\" data-id=\"236f7151\" data-element_type=\"container\" data-e-type=\"container\">\n\t\t\t\t\t<div class=\"e-con-inner\">\n\t\t\t\t<div class=\"elementor-element elementor-element-74044d4 elementor-widget elementor-widget-image\" data-id=\"74044d4\" data-element_type=\"widget\" data-e-type=\"widget\" data-widget_type=\"image.default\">\n\t\t\t\t\t\t\t\t\t\t\t\t\t\t\t<img decoding=\"async\" width=\"500\" height=\"500\" src=\"https:\/\/www.upgradingservices.it\/wp-content\/uploads\/2025\/12\/ricerca-e-sviluppo1.png\" class=\"attachment-large size-large wp-image-2233\" alt=\"\" srcset=\"https:\/\/www.upgradingservices.it\/wp-content\/uploads\/2025\/12\/ricerca-e-sviluppo1.png 500w, https:\/\/www.upgradingservices.it\/wp-content\/uploads\/2025\/12\/ricerca-e-sviluppo1-300x300.png 300w, https:\/\/www.upgradingservices.it\/wp-content\/uploads\/2025\/12\/ricerca-e-sviluppo1-150x150.png 150w\" sizes=\"(max-width: 500px) 100vw, 500px\" \/>\t\t\t\t\t\t\t\t\t\t\t\t\t\t\t<\/div>\n\t\t\t\t<div class=\"elementor-element elementor-element-388ea738 elementor-widget elementor-widget-image\" data-id=\"388ea738\" data-element_type=\"widget\" data-e-type=\"widget\" data-widget_type=\"image.default\">\n\t\t\t\t\t\t\t\t\t\t\t\t\t\t\t<img decoding=\"async\" width=\"500\" height=\"500\" src=\"https:\/\/www.upgradingservices.it\/wp-content\/uploads\/2025\/12\/ricerca-e-sviluppo2.png\" class=\"attachment-large size-large wp-image-2234\" alt=\"\" srcset=\"https:\/\/www.upgradingservices.it\/wp-content\/uploads\/2025\/12\/ricerca-e-sviluppo2.png 500w, https:\/\/www.upgradingservices.it\/wp-content\/uploads\/2025\/12\/ricerca-e-sviluppo2-300x300.png 300w, https:\/\/www.upgradingservices.it\/wp-content\/uploads\/2025\/12\/ricerca-e-sviluppo2-150x150.png 150w\" sizes=\"(max-width: 500px) 100vw, 500px\" \/>\t\t\t\t\t\t\t\t\t\t\t\t\t\t\t<\/div>\n\t\t\t\t<div class=\"elementor-element elementor-element-67679c8 elementor-widget elementor-widget-image\" data-id=\"67679c8\" data-element_type=\"widget\" data-e-type=\"widget\" data-widget_type=\"image.default\">\n\t\t\t\t\t\t\t\t\t\t\t\t\t\t\t<img loading=\"lazy\" decoding=\"async\" width=\"500\" height=\"500\" src=\"https:\/\/www.upgradingservices.it\/wp-content\/uploads\/2025\/12\/ricerca-e-sviluppo3.png\" class=\"attachment-large size-large wp-image-2235\" alt=\"\" srcset=\"https:\/\/www.upgradingservices.it\/wp-content\/uploads\/2025\/12\/ricerca-e-sviluppo3.png 500w, https:\/\/www.upgradingservices.it\/wp-content\/uploads\/2025\/12\/ricerca-e-sviluppo3-300x300.png 300w, https:\/\/www.upgradingservices.it\/wp-content\/uploads\/2025\/12\/ricerca-e-sviluppo3-150x150.png 150w\" sizes=\"(max-width: 500px) 100vw, 500px\" \/>\t\t\t\t\t\t\t\t\t\t\t\t\t\t\t<\/div>\n\t\t\t\t\t<\/div>\n\t\t\t\t<\/div>\n\t\t<div class=\"elementor-element elementor-element-8d6923 e-flex e-con-boxed wpr-particle-no wpr-jarallax-no wpr-parallax-no wpr-sticky-section-no wpr-equal-height-no e-con e-parent\" data-id=\"8d6923\" data-element_type=\"container\" data-e-type=\"container\">\n\t\t\t\t\t<div class=\"e-con-inner\">\n\t\t\t\t<div class=\"elementor-element elementor-element-129a3687 elementor-widget elementor-widget-text-editor\" data-id=\"129a3687\" data-element_type=\"widget\" data-e-type=\"widget\" data-widget_type=\"text-editor.default\">\n\t\t\t\t\t\t\t\t\t<p>Il progetto di R&amp;S si propone in tal senso una pluralit\u00e0 di obiettivi e di risultati:<\/p><ul><li>Sviluppo di una piattaforma di gestione gare e commesse in tecnologia BIM in grado di definire dinamicamente lo stato di avanzamento del cantiere, l\u2019approvvigionamento di materiali e l\u2019impegno del personale, la programmazione e controllo dei costi e dei tempi;<\/li><\/ul><ul><li>Applicazione di realt\u00e0 aumentata con utilizzo di Hololens Microsoft per il supporto operativo nei processi di installazione e manutenzione di impianti complessi;<\/li><\/ul><ul><li>Sviluppo di piattaforma a supporto del Contract &amp; Risk Management<\/li><\/ul><ul><li>Sperimentazione con \u201cclienti reali\u201d dei progetti sviluppati, al fine di ottimizzare l\u2019operativit\u00e0 dei cantieri con particolare attenzione alla sostenibilit\u00e0, alla programmazione, al controllo e alla documentazione delle fasi di intervento.<\/li><\/ul><p>Il progetto \u00e8 stato possibile grazie al co-finanziamento della Regione Puglia nell\u2019ambito del Regolamento regionale della Puglia per gli aiuti in esenzione n.17 del 30\/09\/2014 (BURP n. 139 suppl. del 06\/10\/2014) TITOLO II CAPO 2 DEL REGOLAMENTO GENERALE \u201cAiuti ai programmi integrati programmi da MEDIE IMPRESE ai sensi dell\u2019articolo 26 del Regolamento\u201d.<\/p>\t\t\t\t\t\t\t\t<\/div>\n\t\t\t\t\t<\/div>\n\t\t\t\t<\/div>\n\t\t<div class=\"elementor-element elementor-element-1df083b0 e-flex e-con-boxed wpr-particle-no wpr-jarallax-no wpr-parallax-no wpr-sticky-section-no wpr-equal-height-no e-con e-parent\" data-id=\"1df083b0\" data-element_type=\"container\" data-e-type=\"container\">\n\t\t\t\t\t<div class=\"e-con-inner\">\n\t\t\t\t<div class=\"elementor-element elementor-element-3e20d30 elementor-widget elementor-widget-image\" data-id=\"3e20d30\" data-element_type=\"widget\" data-e-type=\"widget\" data-widget_type=\"image.default\">\n\t\t\t\t\t\t\t\t\t\t\t\t\t\t\t<img loading=\"lazy\" decoding=\"async\" width=\"792\" height=\"159\" src=\"https:\/\/www.upgradingservices.it\/wp-content\/uploads\/2025\/12\/loghi.jpg\" class=\"attachment-large size-large wp-image-2239\" alt=\"\" srcset=\"https:\/\/www.upgradingservices.it\/wp-content\/uploads\/2025\/12\/loghi.jpg 792w, https:\/\/www.upgradingservices.it\/wp-content\/uploads\/2025\/12\/loghi-300x60.jpg 300w, https:\/\/www.upgradingservices.it\/wp-content\/uploads\/2025\/12\/loghi-768x154.jpg 768w\" sizes=\"(max-width: 792px) 100vw, 792px\" \/>\t\t\t\t\t\t\t\t\t\t\t\t\t\t\t<\/div>\n\t\t\t\t\t<\/div>\n\t\t\t\t<\/div>\n\t\t\t\t<\/div>\n\t\t","protected":false},"excerpt":{"rendered":"<p>Il Programma Integrato di Agevolazioni (PIA) proposto da Upgrading, cofinanziato dalla Regione Puglia e realizzato in collaborazione con il Politecnico di Bari, \u00e8 denominato \u201cUpgrading Goes Digital\u201d ed \u00e8 finalizzato a dar vita alla trasformazione digitale dell\u2019azienda e del settore della cantieristica e dell\u2019impiantistica, attraverso nuovi processi e nuovi prodotti legati al mondo dell\u2019intelligenza artificiale e della realt\u00e0 aumentata. Il progetto nasce con l\u2019intendimento di accelerare l\u2019evoluzione di Upgrading da impresa a livello industriale ad impresa \u201cdigitale\u201d, in ottica 4.0, con in pi\u00f9 lo sviluppo della capacit\u00e0 di generare una attivit\u00e0, rivolta a partner, clienti e imprese, di assistenza alla loro stessa trasformazione. Il progetto di R&amp;S si propone in tal senso una pluralit\u00e0 di obiettivi e di risultati: Sviluppo di una piattaforma di gestione gare e commesse in tecnologia BIM in grado di definire dinamicamente lo stato di avanzamento del cantiere, l\u2019approvvigionamento di materiali e l\u2019impegno del personale, la programmazione e controllo dei costi e dei tempi; Applicazione di realt\u00e0 aumentata con utilizzo di Hololens Microsoft per il supporto operativo nei processi di installazione e manutenzione di impianti complessi; Sviluppo di piattaforma a supporto del Contract &amp; Risk Management Sperimentazione con \u201cclienti reali\u201d dei progetti sviluppati, al fine di ottimizzare l\u2019operativit\u00e0 dei cantieri con particolare attenzione alla sostenibilit\u00e0, alla programmazione, al controllo e alla documentazione delle fasi di intervento. Il progetto \u00e8 stato possibile grazie al co-finanziamento della Regione Puglia nell\u2019ambito del Regolamento regionale della Puglia per gli aiuti in esenzione n.17 del 30\/09\/2014 (BURP n. 139 suppl. del 06\/10\/2014) TITOLO II CAPO 2 DEL REGOLAMENTO GENERALE \u201cAiuti ai programmi integrati programmi da MEDIE IMPRESE ai sensi dell\u2019articolo 26 del Regolamento\u201d.<\/p>\n","protected":false},"author":2,"featured_media":0,"parent":0,"menu_order":0,"comment_status":"closed","ping_status":"closed","template":"","meta":{"footnotes":""},"class_list":["post-2151","page","type-page","status-publish","hentry"],"blocksy_meta":[],"_links":{"self":[{"href":"https:\/\/www.upgradingservices.it\/index.php\/wp-json\/wp\/v2\/pages\/2151","targetHints":{"allow":["GET"]}}],"collection":[{"href":"https:\/\/www.upgradingservices.it\/index.php\/wp-json\/wp\/v2\/pages"}],"about":[{"href":"https:\/\/www.upgradingservices.it\/index.php\/wp-json\/wp\/v2\/types\/page"}],"author":[{"embeddable":true,"href":"https:\/\/www.upgradingservices.it\/index.php\/wp-json\/wp\/v2\/users\/2"}],"replies":[{"embeddable":true,"href":"https:\/\/www.upgradingservices.it\/index.php\/wp-json\/wp\/v2\/comments?post=2151"}],"version-history":[{"count":16,"href":"https:\/\/www.upgradingservices.it\/index.php\/wp-json\/wp\/v2\/pages\/2151\/revisions"}],"predecessor-version":[{"id":2242,"href":"https:\/\/www.upgradingservices.it\/index.php\/wp-json\/wp\/v2\/pages\/2151\/revisions\/2242"}],"wp:attachment":[{"href":"https:\/\/www.upgradingservices.it\/index.php\/wp-json\/wp\/v2\/media?parent=2151"}],"curies":[{"name":"wp","href":"https:\/\/api.w.org\/{rel}","templated":true}]}}