{"id":2132,"date":"2025-12-01T23:32:53","date_gmt":"2025-12-01T22:32:53","guid":{"rendered":"https:\/\/www.upgradingservices.it\/?page_id=2132"},"modified":"2025-12-02T01:20:48","modified_gmt":"2025-12-02T00:20:48","slug":"coldpeak","status":"publish","type":"page","link":"https:\/\/www.upgradingservices.it\/index.php\/coldpeak\/","title":{"rendered":"ColdPeak"},"content":{"rendered":"\t\t<div data-elementor-type=\"wp-page\" data-elementor-id=\"2132\" class=\"elementor elementor-2132\">\n\t\t\t\t<div class=\"elementor-element elementor-element-5e713262 e-flex e-con-boxed wpr-particle-no wpr-jarallax-no wpr-parallax-no wpr-sticky-section-no wpr-equal-height-no e-con e-parent\" data-id=\"5e713262\" data-element_type=\"container\" data-e-type=\"container\" data-settings=\"{&quot;background_background&quot;:&quot;classic&quot;}\">\n\t\t\t\t\t<div class=\"e-con-inner\">\n\t\t\t\t<div class=\"elementor-element elementor-element-537390a4 elementor-widget elementor-widget-image\" data-id=\"537390a4\" data-element_type=\"widget\" data-e-type=\"widget\" data-widget_type=\"image.default\">\n\t\t\t\t\t\t\t\t\t\t\t\t\t\t\t<img fetchpriority=\"high\" decoding=\"async\" width=\"300\" height=\"300\" src=\"https:\/\/www.upgradingservices.it\/wp-content\/uploads\/2025\/12\/logo_coldpeak-300x300.png\" class=\"attachment-medium size-medium wp-image-2210\" alt=\"\" srcset=\"https:\/\/www.upgradingservices.it\/wp-content\/uploads\/2025\/12\/logo_coldpeak-300x300.png 300w, https:\/\/www.upgradingservices.it\/wp-content\/uploads\/2025\/12\/logo_coldpeak-150x150.png 150w, https:\/\/www.upgradingservices.it\/wp-content\/uploads\/2025\/12\/logo_coldpeak.png 500w\" sizes=\"(max-width: 300px) 100vw, 300px\" \/>\t\t\t\t\t\t\t\t\t\t\t\t\t\t\t<\/div>\n\t\t\t\t\t<\/div>\n\t\t\t\t<\/div>\n\t\t<div class=\"elementor-element elementor-element-7e9b90ca e-flex e-con-boxed wpr-particle-no wpr-jarallax-no wpr-parallax-no wpr-sticky-section-no wpr-equal-height-no e-con e-parent\" data-id=\"7e9b90ca\" data-element_type=\"container\" data-e-type=\"container\">\n\t\t\t\t\t<div class=\"e-con-inner\">\n\t\t\t\t<div class=\"elementor-element elementor-element-4943cc62 elementor-widget elementor-widget-text-editor\" data-id=\"4943cc62\" data-element_type=\"widget\" data-e-type=\"widget\" data-widget_type=\"text-editor.default\">\n\t\t\t\t\t\t\t\t\t<p>Cold Peak \u00e8 l\u2019innovativo sistema targato Upgrading Services per lo stoccaggio frigorifero basato su materiali a cambio di fase.<\/p><p>\u00c8 una soluzione nata per migliorare l\u2019efficienza energetica degli impianti di climatizzazione domestici, un sistema di immagazzinamento dell\u2019energia frigorigena che si pu\u00f2 integrare nei normali condizionatori ottimizzandone l\u2019utilizzo nel tempo.<\/p><p>Il sistema, basato su materiali a cambiamento di fase (PCM) in grado di conservare il freddo e rilasciarlo all\u2019occorrenza, riduce la potenza elettrica consumata dagli impianti di condizionamento e aumenta il risparmio (ad esempio, ridurre la potenza del climatizzatore domestico da 15 kW a 10 kW comporta un risparmio dal 15 al 20%).<\/p>\t\t\t\t\t\t\t\t<\/div>\n\t\t\t\t\t<\/div>\n\t\t\t\t<\/div>\n\t\t<div class=\"elementor-element elementor-element-3843b58a e-flex e-con-boxed wpr-particle-no wpr-jarallax-no wpr-parallax-no wpr-sticky-section-no wpr-equal-height-no e-con e-parent\" data-id=\"3843b58a\" data-element_type=\"container\" data-e-type=\"container\">\n\t\t\t\t\t<div class=\"e-con-inner\">\n\t\t\t\t<div class=\"elementor-element elementor-element-468587c elementor-widget elementor-widget-image-gallery\" data-id=\"468587c\" data-element_type=\"widget\" data-e-type=\"widget\" data-widget_type=\"image-gallery.default\">\n\t\t\t\t\t\t\t<div class=\"elementor-image-gallery\">\n\t\t\t<div id='gallery-1' class='gallery galleryid-2132 gallery-columns-1 gallery-size-full'><figure class='gallery-item'>\n\t\t\t<div class='gallery-icon landscape'>\n\t\t\t\t<a data-elementor-open-lightbox=\"yes\" data-elementor-lightbox-slideshow=\"468587c\" data-elementor-lightbox-title=\"cold-peak\" data-e-action-hash=\"#elementor-action%3Aaction%3Dlightbox%26settings%3DeyJpZCI6MjIxOCwidXJsIjoiaHR0cHM6XC9cL3d3dy51cGdyYWRpbmdzZXJ2aWNlcy5pdFwvd3AtY29udGVudFwvdXBsb2Fkc1wvMjAyNVwvMTJcL2NvbGQtcGVhay5wbmciLCJzbGlkZXNob3ciOiI0Njg1ODdjIn0%3D\" href='https:\/\/www.upgradingservices.it\/wp-content\/uploads\/2025\/12\/cold-peak.png'><img decoding=\"async\" width=\"1748\" height=\"1240\" src=\"https:\/\/www.upgradingservices.it\/wp-content\/uploads\/2025\/12\/cold-peak.png\" class=\"attachment-full size-full\" alt=\"\" srcset=\"https:\/\/www.upgradingservices.it\/wp-content\/uploads\/2025\/12\/cold-peak.png 1748w, https:\/\/www.upgradingservices.it\/wp-content\/uploads\/2025\/12\/cold-peak-300x213.png 300w, https:\/\/www.upgradingservices.it\/wp-content\/uploads\/2025\/12\/cold-peak-1024x726.png 1024w, https:\/\/www.upgradingservices.it\/wp-content\/uploads\/2025\/12\/cold-peak-768x545.png 768w, https:\/\/www.upgradingservices.it\/wp-content\/uploads\/2025\/12\/cold-peak-1536x1090.png 1536w\" sizes=\"(max-width: 1748px) 100vw, 1748px\" \/><\/a>\n\t\t\t<\/div><\/figure>\n\t\t<\/div>\n\t\t<\/div>\n\t\t\t\t\t\t<\/div>\n\t\t\t\t\t<\/div>\n\t\t\t\t<\/div>\n\t\t<div class=\"elementor-element elementor-element-5188dd86 e-flex e-con-boxed wpr-particle-no wpr-jarallax-no wpr-parallax-no wpr-sticky-section-no wpr-equal-height-no e-con e-parent\" data-id=\"5188dd86\" data-element_type=\"container\" data-e-type=\"container\">\n\t\t\t\t\t<div class=\"e-con-inner\">\n\t\t\t\t<div class=\"elementor-element elementor-element-7a2cc630 elementor-widget elementor-widget-text-editor\" data-id=\"7a2cc630\" data-element_type=\"widget\" data-e-type=\"widget\" data-widget_type=\"text-editor.default\">\n\t\t\t\t\t\t\t\t\t<p>C\u2019\u00e8 un ulteriore vantaggio: immagazzinando energia di notte, quando la temperatura \u00e8 pi\u00f9 bassa, Cold Peak riduce lo sforzo di raffreddamento della macchina, migliorandone le prestazioni e la durata nel tempo. Il sistema di immagazzinamento del freddo, inoltre, rende il climatizzatore autosufficiente anche in assenza di energia elettrica.<\/p><p>Upgrading Services ha gi\u00e0 realizzato il primo prototipo di Cold Peak, con i risultati attesi: il sistema sperimentale \u00e8 in grado di immagazzinare energia fredda (aria ad una temperatura di 5.5 \u00b0C, in linea con le esigenze di climatizzazione domestica) fino a 5 kWh e rilasciarla ad una potenza di 4.5kWh.<\/p><p>Maggiore efficienza e risparmio energetico ad un costo minore.<\/p><p>Cold Peak \u00e8 una tecnologia sviluppata e brevettata da Upgrading Services in collaborazione con enti di ricerca e partner commerciali nazionali ed esteri. Nel 2016, grazie ai fondi della Regione Puglia, si \u00e8 passati alla fase 2.0, trasformando la possibilit\u00e0 in realt\u00e0 attraverso la produzione di un dispositivo dal design all\u2019avanguardia e dalle prestazioni impeccabili.<\/p><p>Cold Peak si basa sulla cogenerazione: utilizzando materiali a cambiamento di fase (PCB), la tecnologia consente al climatizzatore di immagazzinare aria fredda in fase di stasi, per poi rilasciarla al momento dell\u2019utilizzo. In questo modo si incrementano le prestazioni della macchina del 20% circa, e si allunga la vita del dispositivo, grazie allo sforzo minore a suo carico.<\/p><p>Le potenzialit\u00e0 in termini di riduzione dei consumi e dei costi sono davvero enormi, soprattutto in strutture commerciali, uffici, alberghi e complessi sanitari.<\/p>\t\t\t\t\t\t\t\t<\/div>\n\t\t\t\t\t<\/div>\n\t\t\t\t<\/div>\n\t\t\t\t<\/div>\n\t\t","protected":false},"excerpt":{"rendered":"<p>Cold Peak \u00e8 l\u2019innovativo sistema targato Upgrading Services per lo stoccaggio frigorifero basato su materiali a cambio di fase. \u00c8 una soluzione nata per migliorare l\u2019efficienza energetica degli impianti di climatizzazione domestici, un sistema di immagazzinamento dell\u2019energia frigorigena che si pu\u00f2 integrare nei normali condizionatori ottimizzandone l\u2019utilizzo nel tempo. Il sistema, basato su materiali a cambiamento di fase (PCM) in grado di conservare il freddo e rilasciarlo all\u2019occorrenza, riduce la potenza elettrica consumata dagli impianti di condizionamento e aumenta il risparmio (ad esempio, ridurre la potenza del climatizzatore domestico da 15 kW a 10 kW comporta un risparmio dal 15 al 20%). C\u2019\u00e8 un ulteriore vantaggio: immagazzinando energia di notte, quando la temperatura \u00e8 pi\u00f9 bassa, Cold Peak riduce lo sforzo di raffreddamento della macchina, migliorandone le prestazioni e la durata nel tempo. Il sistema di immagazzinamento del freddo, inoltre, rende il climatizzatore autosufficiente anche in assenza di energia elettrica. Upgrading Services ha gi\u00e0 realizzato il primo prototipo di Cold Peak, con i risultati attesi: il sistema sperimentale \u00e8 in grado di immagazzinare energia fredda (aria ad una temperatura di 5.5 \u00b0C, in linea con le esigenze di climatizzazione domestica) fino a 5 kWh e rilasciarla ad una potenza di 4.5kWh. Maggiore efficienza e risparmio energetico ad un costo minore. Cold Peak \u00e8 una tecnologia sviluppata e brevettata da Upgrading Services in collaborazione con enti di ricerca e partner commerciali nazionali ed esteri. Nel 2016, grazie ai fondi della Regione Puglia, si \u00e8 passati alla fase 2.0, trasformando la possibilit\u00e0 in realt\u00e0 attraverso la produzione di un dispositivo dal design all\u2019avanguardia e dalle prestazioni impeccabili. Cold Peak si basa sulla cogenerazione: utilizzando materiali a cambiamento di fase (PCB), la tecnologia consente al climatizzatore di immagazzinare aria fredda in fase di stasi, per poi rilasciarla al momento dell\u2019utilizzo. In questo modo si incrementano le prestazioni della macchina del 20% circa, e si allunga la vita del dispositivo, grazie allo sforzo minore a suo carico. Le potenzialit\u00e0 in termini di riduzione dei consumi e dei costi sono davvero enormi, soprattutto in strutture commerciali, uffici, alberghi e complessi sanitari.<\/p>\n","protected":false},"author":2,"featured_media":0,"parent":0,"menu_order":0,"comment_status":"closed","ping_status":"closed","template":"","meta":{"footnotes":""},"class_list":["post-2132","page","type-page","status-publish","hentry"],"blocksy_meta":[],"_links":{"self":[{"href":"https:\/\/www.upgradingservices.it\/index.php\/wp-json\/wp\/v2\/pages\/2132","targetHints":{"allow":["GET"]}}],"collection":[{"href":"https:\/\/www.upgradingservices.it\/index.php\/wp-json\/wp\/v2\/pages"}],"about":[{"href":"https:\/\/www.upgradingservices.it\/index.php\/wp-json\/wp\/v2\/types\/page"}],"author":[{"embeddable":true,"href":"https:\/\/www.upgradingservices.it\/index.php\/wp-json\/wp\/v2\/users\/2"}],"replies":[{"embeddable":true,"href":"https:\/\/www.upgradingservices.it\/index.php\/wp-json\/wp\/v2\/comments?post=2132"}],"version-history":[{"count":13,"href":"https:\/\/www.upgradingservices.it\/index.php\/wp-json\/wp\/v2\/pages\/2132\/revisions"}],"predecessor-version":[{"id":2221,"href":"https:\/\/www.upgradingservices.it\/index.php\/wp-json\/wp\/v2\/pages\/2132\/revisions\/2221"}],"wp:attachment":[{"href":"https:\/\/www.upgradingservices.it\/index.php\/wp-json\/wp\/v2\/media?parent=2132"}],"curies":[{"name":"wp","href":"https:\/\/api.w.org\/{rel}","templated":true}]}}