{"id":1967,"date":"2025-12-01T22:28:38","date_gmt":"2025-12-01T21:28:38","guid":{"rendered":"https:\/\/www.upgradingservices.it\/?page_id=1967"},"modified":"2025-12-03T10:58:56","modified_gmt":"2025-12-03T09:58:56","slug":"construction","status":"publish","type":"page","link":"https:\/\/www.upgradingservices.it\/index.php\/construction\/","title":{"rendered":"Construction"},"content":{"rendered":"\t\t<div data-elementor-type=\"wp-page\" data-elementor-id=\"1967\" class=\"elementor elementor-1967\">\n\t\t\t\t\t\t<section class=\"elementor-section elementor-top-section elementor-element elementor-element-4e9bd137 elementor-section-content-middle ct-section-stretched elementor-section-boxed elementor-section-height-default elementor-section-height-default wpr-particle-no wpr-jarallax-no wpr-parallax-no wpr-sticky-section-no wpr-equal-height-no\" data-id=\"4e9bd137\" data-element_type=\"section\" data-e-type=\"section\" data-settings=\"{&quot;background_background&quot;:&quot;classic&quot;}\">\n\t\t\t\t\t\t\t<div class=\"elementor-background-overlay\"><\/div>\n\t\t\t\t\t\t\t<div class=\"elementor-container elementor-column-gap-default\">\n\t\t\t\t\t<div class=\"elementor-column elementor-col-100 elementor-top-column elementor-element elementor-element-4fd83939\" data-id=\"4fd83939\" data-element_type=\"column\" data-e-type=\"column\">\n\t\t\t<div class=\"elementor-widget-wrap elementor-element-populated\">\n\t\t\t\t\t\t<div class=\"elementor-element elementor-element-269a04de elementor-widget elementor-widget-heading\" data-id=\"269a04de\" data-element_type=\"widget\" data-e-type=\"widget\" data-widget_type=\"heading.default\">\n\t\t\t\t\t<h2 class=\"elementor-heading-title elementor-size-default\">Construction<\/h2>\t\t\t\t<\/div>\n\t\t\t\t\t<\/div>\n\t\t<\/div>\n\t\t\t\t\t<\/div>\n\t\t<\/section>\n\t\t<div class=\"elementor-element elementor-element-63e69304 e-flex e-con-boxed wpr-particle-no wpr-jarallax-no wpr-parallax-no wpr-sticky-section-no wpr-equal-height-no e-con e-parent\" data-id=\"63e69304\" data-element_type=\"container\" data-e-type=\"container\" data-settings=\"{&quot;background_background&quot;:&quot;classic&quot;}\">\n\t\t\t\t\t<div class=\"e-con-inner\">\n\t\t\t\t<div class=\"elementor-element elementor-element-707193a5 elementor-widget elementor-widget-heading\" data-id=\"707193a5\" data-element_type=\"widget\" data-e-type=\"widget\" data-widget_type=\"heading.default\">\n\t\t\t\t\t<h2 class=\"elementor-heading-title elementor-size-default\">ESECUZIONE-REALIZZAZIONE<\/h2>\t\t\t\t<\/div>\n\t\t\t\t<div class=\"elementor-element elementor-element-5b38d677 elementor-widget elementor-widget-text-editor\" data-id=\"5b38d677\" data-element_type=\"widget\" data-e-type=\"widget\" data-widget_type=\"text-editor.default\">\n\t\t\t\t\t\t\t\t\t<p>L\u2019attivit\u00e0 di esecuzione e realizzazione dei lavori \u00e8 organizzata per Cantieri.<\/p><p>Pi\u00f9 cantieri vengono funzionalmente riaggregati per area geografica e\/o cliente e\/o omologia tecnica in una singola Commessa.<\/p><p>Ciascuna commessa \u00e8 affidata a un Project Manager che ha la responsabilit\u00e0 di gestire e coordinare la Commessa in tutti i suoi aspetti:<\/p><ul><li>Progettazione esecutiva, con particolare attenzione all\u2019impiego di manodopera<\/li><li>Redazione delle distinte materiali, con relative ricerche di mercato per l\u2019acquisizione dei componenti<\/li><li>Formulazione del budget<\/li><li>Pianificazione del programma di commessa (Gantt, cronoprogramma, PERT)<\/li><li>Confronto continuo con il committente per dare riscontro ad ogni segnalazione o richiesta<\/li><li>Realizzazione delle opere e monitoraggio continuo dell\u2019attivit\u00e0 del capocantiere<\/li><li>Supporto in tutte le attivit\u00e0 che richiedono un\u2019analisi tecnica<\/li><li>Redazione degli stati d\u2019avanzamento (ed eventuale riprogrammazione del Gantt)<\/li><li>Piani di manutenzione in funzione delle specifiche tecnologie degli impianti<\/li><li>Consegna del lavoro al cliente<\/li><\/ul><p>Al Project Manager spetta il compito di monitorare costi, tempi e standard qualitativi in ogni fase di progetto, controllare il rispetto degli indici di produttivit\u00e0, il coordinamento del team di lavoro, la gestione dei flussi informativi verso le funzioni amministrative e del personale, l\u2019approvvigionamento dei materiali e il rapporto con eventuali subappaltatori e tutti gli altri operatori coinvolti nel progetto.<\/p><p>Le attivit\u00e0 erogate vengono articolate attraverso le seguenti aree funzionali:<\/p><ul><li>Impianti elettrici BT \u2013 MT<\/li><li>Impianti termo-meccanici<\/li><li>Impianti idraulici e idro termo sanitari<\/li><li>Impianti di video sorveglianza<\/li><li>Impianti anti-intrusione<\/li><li>Impianti antincendio<\/li><li>Impianti di trasmissione dati<\/li><li>Impianti fotovoltaici<\/li><li>Opere edili<\/li><li>Carpenteria metallica strutturale<\/li><li>Carpenteria metallica leggera (infissi)<\/li><li>Building management<\/li><\/ul>\t\t\t\t\t\t\t\t<\/div>\n\t\t\t\t\t<\/div>\n\t\t\t\t<\/div>\n\t\t<div class=\"elementor-element elementor-element-4583eb0e e-flex e-con-boxed wpr-particle-no wpr-jarallax-no wpr-parallax-no wpr-sticky-section-no wpr-equal-height-no e-con e-parent\" data-id=\"4583eb0e\" data-element_type=\"container\" data-e-type=\"container\">\n\t\t\t\t\t<div class=\"e-con-inner\">\n\t\t\t\t<div class=\"elementor-element elementor-element-6a1e9f74 elementor-widget elementor-widget-heading\" data-id=\"6a1e9f74\" data-element_type=\"widget\" data-e-type=\"widget\" data-widget_type=\"heading.default\">\n\t\t\t\t\t<h2 class=\"elementor-heading-title elementor-size-default\">OPERE EDILI<\/h2>\t\t\t\t<\/div>\n\t\t\t\t<div class=\"elementor-element elementor-element-5a6e241b elementor-widget elementor-widget-text-editor\" data-id=\"5a6e241b\" data-element_type=\"widget\" data-e-type=\"widget\" data-widget_type=\"text-editor.default\">\n\t\t\t\t\t\t\t\t\t<p>Upgrading Services ha fondamenta solide, fatte di competenze ed esperienze pluriennali.<\/p><p>Oggi le opere edili vengono realizzate a supporto delle installazioni impiantistiche, ma l\u2019edilizia \u00e8 rimasta nel dna aziendale.<\/p><p>Le skills pi\u00f9 significative acquisite sul campo dal personale Upgrading Services riguardano: l\u2019aggiornamento continuo sulle norme che regolamentano il settore, la massima attenzione al tema della sicurezza sul lavoro, la solidit\u00e0 e affidabilit\u00e0 dei lavori nel tempo, la soddisfazione del committente e il miglioramento continuo.<\/p>\t\t\t\t\t\t\t\t<\/div>\n\t\t\t\t<div class=\"elementor-element elementor-element-15debea5 elementor-arrows-position-inside elementor-pagination-position-outside elementor-widget elementor-widget-image-carousel\" data-id=\"15debea5\" data-element_type=\"widget\" data-e-type=\"widget\" data-settings=\"{&quot;slides_to_show&quot;:&quot;2&quot;,&quot;slides_to_scroll&quot;:&quot;1&quot;,&quot;navigation&quot;:&quot;both&quot;,&quot;autoplay&quot;:&quot;yes&quot;,&quot;pause_on_hover&quot;:&quot;yes&quot;,&quot;pause_on_interaction&quot;:&quot;yes&quot;,&quot;autoplay_speed&quot;:5000,&quot;infinite&quot;:&quot;yes&quot;,&quot;speed&quot;:500}\" data-widget_type=\"image-carousel.default\">\n\t\t\t\t\t\t\t<div class=\"elementor-image-carousel-wrapper swiper\" role=\"region\" aria-roledescription=\"carousel\" aria-label=\"Carosello d&#039;immagini\" dir=\"ltr\">\n\t\t\t<div class=\"elementor-image-carousel swiper-wrapper swiper-image-stretch\" aria-live=\"off\">\n\t\t\t\t\t\t\t\t<div class=\"swiper-slide\" role=\"group\" aria-roledescription=\"slide\" aria-label=\"1 di 4\"><figure class=\"swiper-slide-inner\"><img decoding=\"async\" class=\"swiper-slide-image\" src=\"https:\/\/www.upgradingservices.it\/wp-content\/uploads\/2025\/12\/1.png\" alt=\"1\" \/><\/figure><\/div><div class=\"swiper-slide\" role=\"group\" aria-roledescription=\"slide\" aria-label=\"2 di 4\"><figure class=\"swiper-slide-inner\"><img decoding=\"async\" class=\"swiper-slide-image\" src=\"https:\/\/www.upgradingservices.it\/wp-content\/uploads\/2025\/12\/2.png\" alt=\"2\" \/><\/figure><\/div><div class=\"swiper-slide\" role=\"group\" aria-roledescription=\"slide\" aria-label=\"3 di 4\"><figure class=\"swiper-slide-inner\"><img decoding=\"async\" class=\"swiper-slide-image\" src=\"https:\/\/www.upgradingservices.it\/wp-content\/uploads\/2025\/12\/3.png\" alt=\"3\" \/><\/figure><\/div><div class=\"swiper-slide\" role=\"group\" aria-roledescription=\"slide\" aria-label=\"4 di 4\"><figure class=\"swiper-slide-inner\"><img decoding=\"async\" class=\"swiper-slide-image\" src=\"https:\/\/www.upgradingservices.it\/wp-content\/uploads\/2025\/12\/4.png\" alt=\"4\" \/><\/figure><\/div>\t\t\t<\/div>\n\t\t\t\t\t\t\t\t\t\t\t\t<div class=\"elementor-swiper-button elementor-swiper-button-prev\" role=\"button\" tabindex=\"0\">\n\t\t\t\t\t\t<svg aria-hidden=\"true\" class=\"e-font-icon-svg e-eicon-chevron-left\" viewBox=\"0 0 1000 1000\" xmlns=\"http:\/\/www.w3.org\/2000\/svg\"><path d=\"M646 125C629 125 613 133 604 142L308 442C296 454 292 471 292 487 292 504 296 521 308 533L604 854C617 867 629 875 646 875 663 875 679 871 692 858 704 846 713 829 713 812 713 796 708 779 692 767L438 487 692 225C700 217 708 204 708 187 708 171 704 154 692 142 675 129 663 125 646 125Z\"><\/path><\/svg>\t\t\t\t\t<\/div>\n\t\t\t\t\t<div class=\"elementor-swiper-button elementor-swiper-button-next\" role=\"button\" tabindex=\"0\">\n\t\t\t\t\t\t<svg aria-hidden=\"true\" class=\"e-font-icon-svg e-eicon-chevron-right\" viewBox=\"0 0 1000 1000\" xmlns=\"http:\/\/www.w3.org\/2000\/svg\"><path d=\"M696 533C708 521 713 504 713 487 713 471 708 454 696 446L400 146C388 133 375 125 354 125 338 125 325 129 313 142 300 154 292 171 292 187 292 204 296 221 308 233L563 492 304 771C292 783 288 800 288 817 288 833 296 850 308 863 321 871 338 875 354 875 371 875 388 867 400 854L696 533Z\"><\/path><\/svg>\t\t\t\t\t<\/div>\n\t\t\t\t\n\t\t\t\t\t\t\t\t\t<div class=\"swiper-pagination\"><\/div>\n\t\t\t\t\t\t\t\t\t<\/div>\n\t\t\t\t\t\t<\/div>\n\t\t\t\t\t<\/div>\n\t\t\t\t<\/div>\n\t\t<div class=\"elementor-element elementor-element-2dfdbb02 e-flex e-con-boxed wpr-particle-no wpr-jarallax-no wpr-parallax-no wpr-sticky-section-no wpr-equal-height-no e-con e-parent\" data-id=\"2dfdbb02\" data-element_type=\"container\" data-e-type=\"container\">\n\t\t\t\t\t<div class=\"e-con-inner\">\n\t\t\t\t<div class=\"elementor-element elementor-element-47737390 elementor-widget elementor-widget-heading\" data-id=\"47737390\" data-element_type=\"widget\" data-e-type=\"widget\" data-widget_type=\"heading.default\">\n\t\t\t\t\t<h2 class=\"elementor-heading-title elementor-size-default\">COLLAUDO<\/h2>\t\t\t\t<\/div>\n\t\t\t\t<div class=\"elementor-element elementor-element-79e223d6 elementor-widget elementor-widget-text-editor\" data-id=\"79e223d6\" data-element_type=\"widget\" data-e-type=\"widget\" data-widget_type=\"text-editor.default\">\n\t\t\t\t\t\t\t\t\t<p>La necessit\u00e0 di assicurare la qualit\u00e0 dei servizi erogati e di soddisfare appieno le esigenze dei propri Clienti ha portato Upgrading Services a progettare un sistema di verifica basato sia sul principio di controllo degli addetti in corso d\u2019opera che sul collaudo finale di quanto realizzato, fondamentale per assicurare l\u2019esecuzione a regola d\u2019arte dei lavori e il corretto funzionamento degli impianti, in termini di prescrizioni tecniche e prestazioni energetiche, cos\u00ec come richiesto dai Clienti, sempre pi\u00f9 attenti alla sicurezza e sostenibilit\u00e0 dei loro immobili.<\/p><p>Il collaudo comprende sia verifiche in corso d\u2019opera che a impianto ultimato con l\u2019esecuzione di prove sperimentali che, simulando le condizioni reali di esercizio, ne attestano la conformit\u00e0 alle prescrizioni di legge e contrattuali, alle norme di sicurezza e di buona tecnica. Sono coinvolte nel collaudo tutti i soggetti interessati alle varie fasi realizzative: direzione lavori, fornitore del servizio e produttore dell\u2019impianto.<\/p><p>La verifica sulla corretta funzionalit\u00e0 di tutti i componenti installati e la rispondenza agli standard di sicurezza vigenti, le prestazioni idrauliche ai fini antincendio, le tarature e i bilanciamenti come le prove a caldo e a freddo, etc. sono parte integrante del nostro lavoro!<\/p>\t\t\t\t\t\t\t\t<\/div>\n\t\t\t\t\t<\/div>\n\t\t\t\t<\/div>\n\t\t<div class=\"elementor-element elementor-element-28844ceb e-flex e-con-boxed wpr-particle-no wpr-jarallax-no wpr-parallax-no wpr-sticky-section-no wpr-equal-height-no e-con e-parent\" data-id=\"28844ceb\" data-element_type=\"container\" data-e-type=\"container\">\n\t\t\t\t\t<div class=\"e-con-inner\">\n\t\t\t\t<div class=\"elementor-element elementor-element-2bdcaa48 elementor-widget elementor-widget-heading\" data-id=\"2bdcaa48\" data-element_type=\"widget\" data-e-type=\"widget\" data-widget_type=\"heading.default\">\n\t\t\t\t\t<h2 class=\"elementor-heading-title elementor-size-default\">GESTIONE FINE LAVORI<\/h2>\t\t\t\t<\/div>\n\t\t\t\t<div class=\"elementor-element elementor-element-4f5a65fb elementor-widget elementor-widget-text-editor\" data-id=\"4f5a65fb\" data-element_type=\"widget\" data-e-type=\"widget\" data-widget_type=\"text-editor.default\">\n\t\t\t\t\t\t\t\t\t<p>Upgrading Services gestisce integralmente i lavori nei diversi settori dell\u2019impiantistica tecnologica, offrendo un servizio completo, dalla progettazione alla realizzazione, fino al collaudo e alla successiva gestione e manutenzione, garantendo anche tutte le opere edili collegate. Il coordinamento delle risorse interessate e l\u2019organizzazione delle singole Commesse avvengono secondo procedure consolidate, nel rispetto degli standard quali-quantitativi stabiliti con i Clienti.<\/p><p>Dallo start Up\u2026<\/p><p>Partendo dal progetto concordato con il Committente, il Project Manager pianifica le attivit\u00e0 (GANTT, cronoprogramma, PERT) e gli acquisti, in modo da garantire continuit\u00e0 operativa al Cantiere e il rispetto delle tempistiche contrattuali.<\/p><p>\u2026 all\u2019avanzamento dei lavori<\/p><p>Dal verbale di inizio lavori le Squadre Operative diventano responsabili dell\u2019esecuzione dei lavori, effettuando ogni opera rispettando le indicazioni date dal progettista, dalla Direzione Lavori e dal Project Manager. Ai fini dell\u2019espletamento di pratiche amministrative, autorizzative, di deposito, etc., il comparto amministrativo societario supporta il Team di Commessa, dando vita, per l\u2019intera durata del contratto, ad una cooperazione sinergica.<\/p><p>\u2026fino agli AS BUILT e Collaudi<\/p><p>Terminati i lavori, il Project Manager consegna gli AS-BUILT alla Direzione Lavori, permettendo l\u2019aggiornamento dei documenti tecnici. Le tavole AS-BUILT rappresentano l\u2019immagine digitale esatta dell\u2019effettivo stato dei lavori, avente come scopo quello di agevolare la comprensione degli impianti e dei componenti da parte dei manutentori ed utilizzatori futuri. A conclusione, assicurando servizi completi e sicuri in ogni loro fase, Upgrading Services collauda quanto realizzato, verificandone la corrispondenza con quanto progettato e il perfetto funzionamento.<\/p>\t\t\t\t\t\t\t\t<\/div>\n\t\t\t\t\t<\/div>\n\t\t\t\t<\/div>\n\t\t\t\t<\/div>\n\t\t","protected":false},"excerpt":{"rendered":"<p>Construction ESECUZIONE-REALIZZAZIONE L\u2019attivit\u00e0 di esecuzione e realizzazione dei lavori \u00e8 organizzata per Cantieri. Pi\u00f9 cantieri vengono funzionalmente riaggregati per area geografica e\/o cliente e\/o omologia tecnica in una singola Commessa. Ciascuna commessa \u00e8 affidata a un Project Manager che ha la responsabilit\u00e0 di gestire e coordinare la Commessa in tutti i suoi aspetti: Progettazione esecutiva, con particolare attenzione all\u2019impiego di manodopera Redazione delle distinte materiali, con relative ricerche di mercato per l\u2019acquisizione dei componenti Formulazione del budget Pianificazione del programma di commessa (Gantt, cronoprogramma, PERT) Confronto continuo con il committente per dare riscontro ad ogni segnalazione o richiesta Realizzazione delle opere e monitoraggio continuo dell\u2019attivit\u00e0 del capocantiere Supporto in tutte le attivit\u00e0 che richiedono un\u2019analisi tecnica Redazione degli stati d\u2019avanzamento (ed eventuale riprogrammazione del Gantt) Piani di manutenzione in funzione delle specifiche tecnologie degli impianti Consegna del lavoro al cliente Al Project Manager spetta il compito di monitorare costi, tempi e standard qualitativi in ogni fase di progetto, controllare il rispetto degli indici di produttivit\u00e0, il coordinamento del team di lavoro, la gestione dei flussi informativi verso le funzioni amministrative e del personale, l\u2019approvvigionamento dei materiali e il rapporto con eventuali subappaltatori e tutti gli altri operatori coinvolti nel progetto. Le attivit\u00e0 erogate vengono articolate attraverso le seguenti aree funzionali: Impianti elettrici BT \u2013 MT Impianti termo-meccanici Impianti idraulici e idro termo sanitari Impianti di video sorveglianza Impianti anti-intrusione Impianti antincendio Impianti di trasmissione dati Impianti fotovoltaici Opere edili Carpenteria metallica strutturale Carpenteria metallica leggera (infissi) Building management OPERE EDILI Upgrading Services ha fondamenta solide, fatte di competenze ed esperienze pluriennali. Oggi le opere edili vengono realizzate a supporto delle installazioni impiantistiche, ma l\u2019edilizia \u00e8 rimasta nel dna aziendale. Le skills pi\u00f9 significative acquisite sul campo dal personale Upgrading Services riguardano: l\u2019aggiornamento continuo sulle norme che regolamentano il settore, la massima attenzione al tema della sicurezza sul lavoro, la solidit\u00e0 e affidabilit\u00e0 dei lavori nel tempo, la soddisfazione del committente e il miglioramento continuo. COLLAUDO La necessit\u00e0 di assicurare la qualit\u00e0 dei servizi erogati e di soddisfare appieno le esigenze dei propri Clienti ha portato Upgrading Services a progettare un sistema di verifica basato sia sul principio di controllo degli addetti in corso d\u2019opera che sul collaudo finale di quanto realizzato, fondamentale per assicurare l\u2019esecuzione a regola d\u2019arte dei lavori e il corretto funzionamento degli impianti, in termini di prescrizioni tecniche e prestazioni energetiche, cos\u00ec come richiesto dai Clienti, sempre pi\u00f9 attenti alla sicurezza e sostenibilit\u00e0 dei loro immobili. Il collaudo comprende sia verifiche in corso d\u2019opera che a impianto ultimato con l\u2019esecuzione di prove sperimentali che, simulando le condizioni reali di esercizio, ne attestano la conformit\u00e0 alle prescrizioni di legge e contrattuali, alle norme di sicurezza e di buona tecnica. Sono coinvolte nel collaudo tutti i soggetti interessati alle varie fasi realizzative: direzione lavori, fornitore del servizio e produttore dell\u2019impianto. La verifica sulla corretta funzionalit\u00e0 di tutti i componenti installati e la rispondenza agli standard di sicurezza vigenti, le prestazioni idrauliche ai fini antincendio, le tarature e i bilanciamenti come le prove a caldo e a freddo, etc. sono parte integrante del nostro lavoro! GESTIONE FINE LAVORI Upgrading Services gestisce integralmente i lavori nei diversi settori dell\u2019impiantistica tecnologica, offrendo un servizio completo, dalla progettazione alla realizzazione, fino al collaudo e alla successiva gestione e manutenzione, garantendo anche tutte le opere edili collegate. Il coordinamento delle risorse interessate e l\u2019organizzazione delle singole Commesse avvengono secondo procedure consolidate, nel rispetto degli standard quali-quantitativi stabiliti con i Clienti. Dallo start Up\u2026 Partendo dal progetto concordato con il Committente, il Project Manager pianifica le attivit\u00e0 (GANTT, cronoprogramma, PERT) e gli acquisti, in modo da garantire continuit\u00e0 operativa al Cantiere e il rispetto delle tempistiche contrattuali. \u2026 all\u2019avanzamento dei lavori Dal verbale di inizio lavori le Squadre Operative diventano responsabili dell\u2019esecuzione dei lavori, effettuando ogni opera rispettando le indicazioni date dal progettista, dalla Direzione Lavori e dal Project Manager. Ai fini dell\u2019espletamento di pratiche amministrative, autorizzative, di deposito, etc., il comparto amministrativo societario supporta il Team di Commessa, dando vita, per l\u2019intera durata del contratto, ad una cooperazione sinergica. \u2026fino agli AS BUILT e Collaudi Terminati i lavori, il Project Manager consegna gli AS-BUILT alla Direzione Lavori, permettendo l\u2019aggiornamento dei documenti tecnici. Le tavole AS-BUILT rappresentano l\u2019immagine digitale esatta dell\u2019effettivo stato dei lavori, avente come scopo quello di agevolare la comprensione degli impianti e dei componenti da parte dei manutentori ed utilizzatori futuri. A conclusione, assicurando servizi completi e sicuri in ogni loro fase, Upgrading Services collauda quanto realizzato, verificandone la corrispondenza con quanto progettato e il perfetto funzionamento.<\/p>\n","protected":false},"author":2,"featured_media":0,"parent":0,"menu_order":0,"comment_status":"closed","ping_status":"closed","template":"","meta":{"footnotes":""},"class_list":["post-1967","page","type-page","status-publish","hentry"],"blocksy_meta":[],"_links":{"self":[{"href":"https:\/\/www.upgradingservices.it\/index.php\/wp-json\/wp\/v2\/pages\/1967","targetHints":{"allow":["GET"]}}],"collection":[{"href":"https:\/\/www.upgradingservices.it\/index.php\/wp-json\/wp\/v2\/pages"}],"about":[{"href":"https:\/\/www.upgradingservices.it\/index.php\/wp-json\/wp\/v2\/types\/page"}],"author":[{"embeddable":true,"href":"https:\/\/www.upgradingservices.it\/index.php\/wp-json\/wp\/v2\/users\/2"}],"replies":[{"embeddable":true,"href":"https:\/\/www.upgradingservices.it\/index.php\/wp-json\/wp\/v2\/comments?post=1967"}],"version-history":[{"count":28,"href":"https:\/\/www.upgradingservices.it\/index.php\/wp-json\/wp\/v2\/pages\/1967\/revisions"}],"predecessor-version":[{"id":2823,"href":"https:\/\/www.upgradingservices.it\/index.php\/wp-json\/wp\/v2\/pages\/1967\/revisions\/2823"}],"wp:attachment":[{"href":"https:\/\/www.upgradingservices.it\/index.php\/wp-json\/wp\/v2\/media?parent=1967"}],"curies":[{"name":"wp","href":"https:\/\/api.w.org\/{rel}","templated":true}]}}