{"id":1874,"date":"2025-12-01T21:05:17","date_gmt":"2025-12-01T20:05:17","guid":{"rendered":"https:\/\/www.upgradingservices.it\/?page_id=1874"},"modified":"2025-12-03T10:54:12","modified_gmt":"2025-12-03T09:54:12","slug":"etica-integrita-e-compliance","status":"publish","type":"page","link":"https:\/\/www.upgradingservices.it\/index.php\/etica-integrita-e-compliance\/","title":{"rendered":"Etica, Integrit\u00e0 e Compliance"},"content":{"rendered":"\t\t<div data-elementor-type=\"wp-page\" data-elementor-id=\"1874\" class=\"elementor elementor-1874\">\n\t\t\t\t\t\t<section class=\"elementor-section elementor-top-section elementor-element elementor-element-399b4b16 elementor-section-content-middle ct-section-stretched elementor-section-boxed elementor-section-height-default elementor-section-height-default wpr-particle-no wpr-jarallax-no wpr-parallax-no wpr-sticky-section-no wpr-equal-height-no\" data-id=\"399b4b16\" data-element_type=\"section\" data-e-type=\"section\" data-settings=\"{&quot;background_background&quot;:&quot;classic&quot;}\">\n\t\t\t\t\t\t\t<div class=\"elementor-background-overlay\"><\/div>\n\t\t\t\t\t\t\t<div class=\"elementor-container elementor-column-gap-default\">\n\t\t\t\t\t<div class=\"elementor-column elementor-col-100 elementor-top-column elementor-element elementor-element-41c1098f\" data-id=\"41c1098f\" data-element_type=\"column\" data-e-type=\"column\">\n\t\t\t<div class=\"elementor-widget-wrap elementor-element-populated\">\n\t\t\t\t\t\t<div class=\"elementor-element elementor-element-7f1f3150 elementor-widget elementor-widget-heading\" data-id=\"7f1f3150\" data-element_type=\"widget\" data-e-type=\"widget\" data-widget_type=\"heading.default\">\n\t\t\t\t\t<h2 class=\"elementor-heading-title elementor-size-default\">Etica, Integrit\u00e0 e Compliance<\/h2>\t\t\t\t<\/div>\n\t\t\t\t\t<\/div>\n\t\t<\/div>\n\t\t\t\t\t<\/div>\n\t\t<\/section>\n\t\t<div class=\"elementor-element elementor-element-2104a977 e-flex e-con-boxed wpr-particle-no wpr-jarallax-no wpr-parallax-no wpr-sticky-section-no wpr-equal-height-no e-con e-parent\" data-id=\"2104a977\" data-element_type=\"container\" data-e-type=\"container\" data-settings=\"{&quot;background_background&quot;:&quot;classic&quot;}\">\n\t\t\t\t\t<div class=\"e-con-inner\">\n\t\t\t\t<div class=\"elementor-element elementor-element-31512e6f elementor-widget elementor-widget-heading\" data-id=\"31512e6f\" data-element_type=\"widget\" data-e-type=\"widget\" data-widget_type=\"heading.default\">\n\t\t\t\t\t<h2 class=\"elementor-heading-title elementor-size-default\">Privacy Policy<\/h2>\t\t\t\t<\/div>\n\t\t\t\t<div class=\"elementor-element elementor-element-165abd69 elementor-widget elementor-widget-text-editor\" data-id=\"165abd69\" data-element_type=\"widget\" data-e-type=\"widget\" data-widget_type=\"text-editor.default\">\n\t\t\t\t\t\t\t\t\t<p>Benvenuto su Upgrading Services S.p.A., la tua fiducia \u00e8 fondamentale per noi. Ci impegniamo a proteggere i tuoi dati personali con la massima seriet\u00e0 e trasparenza, in conformit\u00e0 con il Regolamento Generale sulla Protezione dei Dati (GDPR) e la normativa vigente. Questa sezione \u00e8 dedicata a spiegarti come raccogliamo, utilizziamo e gestiamo le tue informazioni quando navighi sul nostro sito o interagisci con i nostri servizi. La tua privacy non \u00e8 solo un obbligo legale, ma un valore su cui costruiamo ogni rapporto. Ti invitiamo a leggere la nostra <a href=\"https:\/\/www.upgradingservices.it\/index.php\/privacy-policy\/\" target=\"_blank\" rel=\"noopener\">Privacy Policy<\/a> completa per comprendere appieno le nostre pratiche.<\/p>\t\t\t\t\t\t\t\t<\/div>\n\t\t\t\t\t<\/div>\n\t\t\t\t<\/div>\n\t\t<div class=\"elementor-element elementor-element-4a46bc47 e-flex e-con-boxed wpr-particle-no wpr-jarallax-no wpr-parallax-no wpr-sticky-section-no wpr-equal-height-no e-con e-parent\" data-id=\"4a46bc47\" data-element_type=\"container\" data-e-type=\"container\">\n\t\t\t\t\t<div class=\"e-con-inner\">\n\t\t\t\t<div class=\"elementor-element elementor-element-354360f elementor-widget-divider--view-line elementor-widget elementor-widget-divider\" data-id=\"354360f\" data-element_type=\"widget\" data-e-type=\"widget\" data-widget_type=\"divider.default\">\n\t\t\t\t\t\t\t<div class=\"elementor-divider\">\n\t\t\t<span class=\"elementor-divider-separator\">\n\t\t\t\t\t\t<\/span>\n\t\t<\/div>\n\t\t\t\t\t\t<\/div>\n\t\t\t\t\t<\/div>\n\t\t\t\t<\/div>\n\t\t<div class=\"elementor-element elementor-element-78129bbc e-flex e-con-boxed wpr-particle-no wpr-jarallax-no wpr-parallax-no wpr-sticky-section-no wpr-equal-height-no e-con e-parent\" data-id=\"78129bbc\" data-element_type=\"container\" data-e-type=\"container\">\n\t\t\t\t\t<div class=\"e-con-inner\">\n\t\t\t\t<div class=\"elementor-element elementor-element-1ee6a746 elementor-widget elementor-widget-heading\" data-id=\"1ee6a746\" data-element_type=\"widget\" data-e-type=\"widget\" data-widget_type=\"heading.default\">\n\t\t\t\t\t<h2 class=\"elementor-heading-title elementor-size-default\">Whistleblowing<\/h2>\t\t\t\t<\/div>\n\t\t\t\t<div class=\"elementor-element elementor-element-67a7ea70 elementor-widget elementor-widget-text-editor\" data-id=\"67a7ea70\" data-element_type=\"widget\" data-e-type=\"widget\" data-widget_type=\"text-editor.default\">\n\t\t\t\t\t\t\t\t\t<p>L\u2019Upgrading Services SpA, in linea con le disposizioni di cui al prefato D. Lgs. n. 24\/2023, cogenti a far data dal 17.12.2023, e gi\u00e0 dall\u2019anno 2022, ha adottato un sistema di segnalazione degli illeciti idoneo a garantire al soggetto segnalante il pi\u00f9 ampio anonimato, impiegando la piattaforma \u201cTrusty\u201d e una procedura codificata nel Sistema di Gestione Integrato.<\/p><p>Il nuovo canale di segnalazione consente a tutti gli stakeholder (dipendenti, collaboratori, liberi professionisti e consulenti\u2026), di segnalare anonimamente eventuali fatti e accadimenti aventi natura di abuso, offesa o illegalit\u00e0 verificatisi nell\u2019ambito lavorativo o ad esso legati.<\/p><p>Per inviare una segnalazione cliccare sul pulsante \u201cWhistleblowing\u201d.<\/p>\t\t\t\t\t\t\t\t<\/div>\n\t\t\t\t<div class=\"elementor-element elementor-element-24151d95 elementor-align-left elementor-widget elementor-widget-button\" data-id=\"24151d95\" data-element_type=\"widget\" data-e-type=\"widget\" data-widget_type=\"button.default\">\n\t\t\t\t\t\t\t\t\t\t<a class=\"elementor-button elementor-button-link elementor-size-sm\" href=\"https:\/\/upgradingservices.trusty.report\/\" target=\"_blank\">\n\t\t\t\t\t\t<span class=\"elementor-button-content-wrapper\">\n\t\t\t\t\t\t\t\t\t<span class=\"elementor-button-text\">Whistleblowing<\/span>\n\t\t\t\t\t<\/span>\n\t\t\t\t\t<\/a>\n\t\t\t\t\t\t\t\t<\/div>\n\t\t\t\t<div class=\"elementor-element elementor-element-21a913b4 elementor-widget elementor-widget-text-editor\" data-id=\"21a913b4\" data-element_type=\"widget\" data-e-type=\"widget\" data-widget_type=\"text-editor.default\">\n\t\t\t\t\t\t\t\t\t<p>Per maggiori informazioni consultare la procedura:<\/p>\t\t\t\t\t\t\t\t<\/div>\n\t\t\t\t<div class=\"elementor-element elementor-element-31c66f0e elementor-widget elementor-widget-button\" data-id=\"31c66f0e\" data-element_type=\"widget\" data-e-type=\"widget\" data-widget_type=\"button.default\">\n\t\t\t\t\t\t\t\t\t\t<a class=\"elementor-button elementor-button-link elementor-size-sm\" href=\"https:\/\/www.upgradingservices.it\/wp-content\/uploads\/2025\/12\/33-Procedura-Gestione-Segnalazioni-illeciti.pdf\" target=\"_blank\">\n\t\t\t\t\t\t<span class=\"elementor-button-content-wrapper\">\n\t\t\t\t\t\t\t\t\t<span class=\"elementor-button-text\">Procedura Whistleblowing<\/span>\n\t\t\t\t\t<\/span>\n\t\t\t\t\t<\/a>\n\t\t\t\t\t\t\t\t<\/div>\n\t\t\t\t\t<\/div>\n\t\t\t\t<\/div>\n\t\t<div class=\"elementor-element elementor-element-724e178a e-flex e-con-boxed wpr-particle-no wpr-jarallax-no wpr-parallax-no wpr-sticky-section-no wpr-equal-height-no e-con e-parent\" data-id=\"724e178a\" data-element_type=\"container\" data-e-type=\"container\">\n\t\t\t\t\t<div class=\"e-con-inner\">\n\t\t\t\t<div class=\"elementor-element elementor-element-d61aece elementor-widget-divider--view-line elementor-widget elementor-widget-divider\" data-id=\"d61aece\" data-element_type=\"widget\" data-e-type=\"widget\" data-widget_type=\"divider.default\">\n\t\t\t\t\t\t\t<div class=\"elementor-divider\">\n\t\t\t<span class=\"elementor-divider-separator\">\n\t\t\t\t\t\t<\/span>\n\t\t<\/div>\n\t\t\t\t\t\t<\/div>\n\t\t\t\t\t<\/div>\n\t\t\t\t<\/div>\n\t\t<div class=\"elementor-element elementor-element-78c9dfc e-flex e-con-boxed wpr-particle-no wpr-jarallax-no wpr-parallax-no wpr-sticky-section-no wpr-equal-height-no e-con e-parent\" data-id=\"78c9dfc\" data-element_type=\"container\" data-e-type=\"container\">\n\t\t\t\t\t<div class=\"e-con-inner\">\n\t\t\t\t<div class=\"elementor-element elementor-element-763824d3 elementor-widget elementor-widget-heading\" data-id=\"763824d3\" data-element_type=\"widget\" data-e-type=\"widget\" data-widget_type=\"heading.default\">\n\t\t\t\t\t<h2 class=\"elementor-heading-title elementor-size-default\">Segnalazioni<\/h2>\t\t\t\t<\/div>\n\t\t\t\t<div class=\"elementor-element elementor-element-6a967334 elementor-widget elementor-widget-text-editor\" data-id=\"6a967334\" data-element_type=\"widget\" data-e-type=\"widget\" data-widget_type=\"text-editor.default\">\n\t\t\t\t\t\t\t\t\t<p>Per reclami relativi a fatti e accadimenti aventi natura di abuso, offesa o illegalit\u00e0 verificatisi nell\u2019ambito lavorativo o ad esso legati e per segnalazione illeciti clicca <a href=\"https:\/\/upgradingservices.trusty.report\/\" target=\"_blank\" rel=\"noopener\">qui<\/a>\u00a0<\/p><p>Per segnalazioni relative a salute e sicurezza del dipendente e alla responsabilit\u00e0 sociale, secondo la SA8000:2014, segui le <a href=\"https:\/\/www.upgradingservices.it\/wp-content\/uploads\/2025\/12\/ISTRUZIONI-OPERATIVE-01-RECLAMI-rev-2024.pdf\" target=\"_blank\" rel=\"noopener\">istruzioni<\/a> oppure clicca direttamente <a href=\"https:\/\/docs.google.com\/forms\/d\/e\/1FAIpQLSdDA_lDDCSZzEozaEdBri2xFjA5mnCAx7hPWZWI-FWPT1L9GQ\/viewform\" target=\"_blank\" rel=\"noopener\">qui<\/a> per il modulo online.<\/p><p>Per segnalazioni relative a temi di Diversit\u00e0 e Inclusione \u00e8 anche possibile inviare una mail a <a href=\"mailto:inclusione@upgradingservices.it\">inclusione@upgradingservices.it<\/a><\/p>\t\t\t\t\t\t\t\t<\/div>\n\t\t\t\t\t<\/div>\n\t\t\t\t<\/div>\n\t\t\t\t<\/div>\n\t\t","protected":false},"excerpt":{"rendered":"<p>Etica, Integrit\u00e0 e Compliance Privacy Policy Benvenuto su Upgrading Services S.p.A., la tua fiducia \u00e8 fondamentale per noi. Ci impegniamo a proteggere i tuoi dati personali con la massima seriet\u00e0 e trasparenza, in conformit\u00e0 con il Regolamento Generale sulla Protezione dei Dati (GDPR) e la normativa vigente. Questa sezione \u00e8 dedicata a spiegarti come raccogliamo, utilizziamo e gestiamo le tue informazioni quando navighi sul nostro sito o interagisci con i nostri servizi. La tua privacy non \u00e8 solo un obbligo legale, ma un valore su cui costruiamo ogni rapporto. Ti invitiamo a leggere la nostra Privacy Policy completa per comprendere appieno le nostre pratiche. Whistleblowing L\u2019Upgrading Services SpA, in linea con le disposizioni di cui al prefato D. Lgs. n. 24\/2023, cogenti a far data dal 17.12.2023, e gi\u00e0 dall\u2019anno 2022, ha adottato un sistema di segnalazione degli illeciti idoneo a garantire al soggetto segnalante il pi\u00f9 ampio anonimato, impiegando la piattaforma \u201cTrusty\u201d e una procedura codificata nel Sistema di Gestione Integrato. Il nuovo canale di segnalazione consente a tutti gli stakeholder (dipendenti, collaboratori, liberi professionisti e consulenti\u2026), di segnalare anonimamente eventuali fatti e accadimenti aventi natura di abuso, offesa o illegalit\u00e0 verificatisi nell\u2019ambito lavorativo o ad esso legati. Per inviare una segnalazione cliccare sul pulsante \u201cWhistleblowing\u201d. Whistleblowing Per maggiori informazioni consultare la procedura: Procedura Whistleblowing Segnalazioni Per reclami relativi a fatti e accadimenti aventi natura di abuso, offesa o illegalit\u00e0 verificatisi nell\u2019ambito lavorativo o ad esso legati e per segnalazione illeciti clicca qui\u00a0 Per segnalazioni relative a salute e sicurezza del dipendente e alla responsabilit\u00e0 sociale, secondo la SA8000:2014, segui le istruzioni oppure clicca direttamente qui per il modulo online. Per segnalazioni relative a temi di Diversit\u00e0 e Inclusione \u00e8 anche possibile inviare una mail a inclusione@upgradingservices.it<\/p>\n","protected":false},"author":2,"featured_media":0,"parent":0,"menu_order":0,"comment_status":"closed","ping_status":"closed","template":"","meta":{"footnotes":""},"class_list":["post-1874","page","type-page","status-publish","hentry"],"blocksy_meta":[],"_links":{"self":[{"href":"https:\/\/www.upgradingservices.it\/index.php\/wp-json\/wp\/v2\/pages\/1874","targetHints":{"allow":["GET"]}}],"collection":[{"href":"https:\/\/www.upgradingservices.it\/index.php\/wp-json\/wp\/v2\/pages"}],"about":[{"href":"https:\/\/www.upgradingservices.it\/index.php\/wp-json\/wp\/v2\/types\/page"}],"author":[{"embeddable":true,"href":"https:\/\/www.upgradingservices.it\/index.php\/wp-json\/wp\/v2\/users\/2"}],"replies":[{"embeddable":true,"href":"https:\/\/www.upgradingservices.it\/index.php\/wp-json\/wp\/v2\/comments?post=1874"}],"version-history":[{"count":37,"href":"https:\/\/www.upgradingservices.it\/index.php\/wp-json\/wp\/v2\/pages\/1874\/revisions"}],"predecessor-version":[{"id":2817,"href":"https:\/\/www.upgradingservices.it\/index.php\/wp-json\/wp\/v2\/pages\/1874\/revisions\/2817"}],"wp:attachment":[{"href":"https:\/\/www.upgradingservices.it\/index.php\/wp-json\/wp\/v2\/media?parent=1874"}],"curies":[{"name":"wp","href":"https:\/\/api.w.org\/{rel}","templated":true}]}}