{"id":1359,"date":"2025-12-01T16:40:06","date_gmt":"2025-12-01T15:40:06","guid":{"rendered":"https:\/\/www.upgradingservices.it\/?page_id=1359"},"modified":"2025-12-03T10:33:38","modified_gmt":"2025-12-03T09:33:38","slug":"azienda","status":"publish","type":"page","link":"https:\/\/www.upgradingservices.it\/index.php\/azienda\/","title":{"rendered":"Azienda"},"content":{"rendered":"\t\t<div data-elementor-type=\"wp-page\" data-elementor-id=\"1359\" class=\"elementor elementor-1359\">\n\t\t\t\t\t\t<section class=\"elementor-section elementor-top-section elementor-element elementor-element-16e29e0e elementor-section-content-middle ct-section-stretched elementor-section-boxed elementor-section-height-default elementor-section-height-default wpr-particle-no wpr-jarallax-no wpr-parallax-no wpr-sticky-section-no wpr-equal-height-no\" data-id=\"16e29e0e\" data-element_type=\"section\" data-e-type=\"section\" data-settings=\"{&quot;background_background&quot;:&quot;classic&quot;}\">\n\t\t\t\t\t\t\t<div class=\"elementor-background-overlay\"><\/div>\n\t\t\t\t\t\t\t<div class=\"elementor-container elementor-column-gap-default\">\n\t\t\t\t\t<div class=\"elementor-column elementor-col-100 elementor-top-column elementor-element elementor-element-3006038e\" data-id=\"3006038e\" data-element_type=\"column\" data-e-type=\"column\">\n\t\t\t<div class=\"elementor-widget-wrap elementor-element-populated\">\n\t\t\t\t\t\t<div class=\"elementor-element elementor-element-12e29712 elementor-widget elementor-widget-heading\" data-id=\"12e29712\" data-element_type=\"widget\" data-e-type=\"widget\" data-widget_type=\"heading.default\">\n\t\t\t\t\t<h2 class=\"elementor-heading-title elementor-size-default\">Azienda<\/h2>\t\t\t\t<\/div>\n\t\t\t\t\t<\/div>\n\t\t<\/div>\n\t\t\t\t\t<\/div>\n\t\t<\/section>\n\t\t<div class=\"elementor-element elementor-element-4b371ded e-flex e-con-boxed wpr-particle-no wpr-jarallax-no wpr-parallax-no wpr-sticky-section-no wpr-equal-height-no e-con e-parent\" data-id=\"4b371ded\" data-element_type=\"container\" data-e-type=\"container\" data-settings=\"{&quot;background_background&quot;:&quot;classic&quot;}\">\n\t\t\t\t\t<div class=\"e-con-inner\">\n\t\t\t\t<div class=\"elementor-element elementor-element-2c10b05a elementor-view-default elementor-position-block-start elementor-mobile-position-block-start elementor-widget elementor-widget-icon-box\" data-id=\"2c10b05a\" data-element_type=\"widget\" data-e-type=\"widget\" data-widget_type=\"icon-box.default\">\n\t\t\t\t\t\t\t<div class=\"elementor-icon-box-wrapper\">\n\n\t\t\t\t\t\t<div class=\"elementor-icon-box-icon\">\n\t\t\t\t<span  class=\"elementor-icon\">\n\t\t\t\t<svg aria-hidden=\"true\" class=\"e-font-icon-svg e-fas-check\" viewBox=\"0 0 512 512\" xmlns=\"http:\/\/www.w3.org\/2000\/svg\"><path d=\"M173.898 439.404l-166.4-166.4c-9.997-9.997-9.997-26.206 0-36.204l36.203-36.204c9.997-9.998 26.207-9.998 36.204 0L192 312.69 432.095 72.596c9.997-9.997 26.207-9.997 36.204 0l36.203 36.204c9.997 9.997 9.997 26.206 0 36.204l-294.4 294.401c-9.998 9.997-26.207 9.997-36.204-.001z\"><\/path><\/svg>\t\t\t\t<\/span>\n\t\t\t<\/div>\n\t\t\t\n\t\t\t\t\t\t<div class=\"elementor-icon-box-content\">\n\n\t\t\t\t\t\t\t\t\t<h3 class=\"elementor-icon-box-title\">\n\t\t\t\t\t\t<span  >\n\t\t\t\t\t\t\tConiughiamo la solidit\u00e0 delle grandi imprese con la flessibilit\u00e0 delle piccole per creare soluzioni su misura\t\t\t\t\t\t<\/span>\n\t\t\t\t\t<\/h3>\n\t\t\t\t\n\t\t\t\t\n\t\t\t<\/div>\n\t\t\t\n\t\t<\/div>\n\t\t\t\t\t\t<\/div>\n\t\t\t\t\t<\/div>\n\t\t\t\t<\/div>\n\t\t\t\t<section class=\"elementor-section elementor-top-section elementor-element elementor-element-22fde9b8 ct-section-stretched elementor-section-boxed elementor-section-height-default elementor-section-height-default wpr-particle-no wpr-jarallax-no wpr-parallax-no wpr-sticky-section-no wpr-equal-height-no\" data-id=\"22fde9b8\" data-element_type=\"section\" data-e-type=\"section\">\n\t\t\t\t\t\t<div class=\"elementor-container elementor-column-gap-default\">\n\t\t\t\t\t<div class=\"elementor-column elementor-col-50 elementor-top-column elementor-element elementor-element-79bd7c36\" data-id=\"79bd7c36\" data-element_type=\"column\" data-e-type=\"column\">\n\t\t\t<div class=\"elementor-widget-wrap elementor-element-populated\">\n\t\t\t\t\t\t<div class=\"elementor-element elementor-element-3a55d3fb elementor-widget elementor-widget-text-editor\" data-id=\"3a55d3fb\" data-element_type=\"widget\" data-e-type=\"widget\" data-widget_type=\"text-editor.default\">\n\t\t\t\t\t\t\t\t\t<p>Chi siamo<\/p>\t\t\t\t\t\t\t\t<\/div>\n\t\t\t\t<div class=\"elementor-element elementor-element-15fa488 elementor-widget elementor-widget-text-editor\" data-id=\"15fa488\" data-element_type=\"widget\" data-e-type=\"widget\" data-widget_type=\"text-editor.default\">\n\t\t\t\t\t\t\t\t\t<p>La storia di Upgrading Services racconta di passione e cura per i Clienti. Operiamo nel Global Service e presidiamo con risorse e strutture dedicate sia gli aspetti \u201csoft\u201d legati all&#8217;ingegnerizzazione dei servizi sia quelli \u201chard\u201d legati alla loro erogazione. Pratichiamo ogni servizio affinch\u00e9 sia fondato su un modello propositivo di sostenibilit\u00e0, investendo in ricerca e sviluppo. Dal 2005 continuiamo a crescere, basando il nostro operato sull&#8217;idea che il giusto mix di innovazione e ottimizzazione delle risorse aziendali porti a una migliore qualit\u00e0 e all&#8217;ampliamento della gamma dei servizi offerti. Questo ci ha resi una realt\u00e0 che opera a livello nazionale, come dimostrano l&#8217;importante portafoglio clienti e le significative partnership \u2013 universit\u00e0, centri di ricerca, aziende specializzate &#8211; che nel tempo hanno contribuito a delineare scenari futuri di sviluppo aziendale e occupazionale.<\/p>\t\t\t\t\t\t\t\t<\/div>\n\t\t\t\t\t<\/div>\n\t\t<\/div>\n\t\t\t\t<div class=\"elementor-column elementor-col-50 elementor-top-column elementor-element elementor-element-28de05d7\" data-id=\"28de05d7\" data-element_type=\"column\" data-e-type=\"column\">\n\t\t\t<div class=\"elementor-widget-wrap elementor-element-populated\">\n\t\t\t\t\t\t<div class=\"elementor-element elementor-element-5d4d00c4 elementor-widget__width-initial elementor-widget elementor-widget-image\" data-id=\"5d4d00c4\" data-element_type=\"widget\" data-e-type=\"widget\" data-widget_type=\"image.default\">\n\t\t\t\t\t\t\t\t\t\t\t\t\t\t\t<img fetchpriority=\"high\" decoding=\"async\" width=\"768\" height=\"1024\" src=\"https:\/\/www.upgradingservices.it\/wp-content\/uploads\/2025\/12\/photo_5899758779812135694_y-768x1024.jpg\" class=\"attachment-medium_large size-medium_large wp-image-1380\" alt=\"\" srcset=\"https:\/\/www.upgradingservices.it\/wp-content\/uploads\/2025\/12\/photo_5899758779812135694_y-768x1024.jpg 768w, https:\/\/www.upgradingservices.it\/wp-content\/uploads\/2025\/12\/photo_5899758779812135694_y-225x300.jpg 225w, https:\/\/www.upgradingservices.it\/wp-content\/uploads\/2025\/12\/photo_5899758779812135694_y.jpg 960w\" sizes=\"(max-width: 768px) 100vw, 768px\" \/>\t\t\t\t\t\t\t\t\t\t\t\t\t\t\t<\/div>\n\t\t\t\t\t<\/div>\n\t\t<\/div>\n\t\t\t\t\t<\/div>\n\t\t<\/section>\n\t\t\t\t<section class=\"elementor-section elementor-top-section elementor-element elementor-element-17f59b41 elementor-section-height-min-height elementor-section-content-middle elementor-section-full_width ct-section-stretched elementor-section-height-default elementor-section-items-middle wpr-particle-no wpr-jarallax-no wpr-parallax-no wpr-sticky-section-no wpr-equal-height-no\" data-id=\"17f59b41\" data-element_type=\"section\" data-e-type=\"section\" data-settings=\"{&quot;background_background&quot;:&quot;classic&quot;}\">\n\t\t\t\t\t\t\t<div class=\"elementor-background-overlay\"><\/div>\n\t\t\t\t\t\t\t<div class=\"elementor-container elementor-column-gap-default\">\n\t\t\t\t\t<div class=\"elementor-column elementor-col-33 elementor-top-column elementor-element elementor-element-4f2e7cf\" data-id=\"4f2e7cf\" data-element_type=\"column\" data-e-type=\"column\">\n\t\t\t<div class=\"elementor-widget-wrap\">\n\t\t\t\t\t\t\t<\/div>\n\t\t<\/div>\n\t\t\t\t<div class=\"elementor-column elementor-col-33 elementor-top-column elementor-element elementor-element-4ec7570\" data-id=\"4ec7570\" data-element_type=\"column\" data-e-type=\"column\">\n\t\t\t<div class=\"elementor-widget-wrap elementor-element-populated\">\n\t\t\t\t\t\t<div class=\"elementor-element elementor-element-77a37dcb elementor-widget__width-initial elementor-invisible elementor-widget elementor-widget-heading\" data-id=\"77a37dcb\" data-element_type=\"widget\" data-e-type=\"widget\" data-settings=\"{&quot;_animation&quot;:&quot;slideInRight&quot;}\" data-widget_type=\"heading.default\">\n\t\t\t\t\t<h2 class=\"elementor-heading-title elementor-size-default\">\"Non importa che tu sia il cliente o il fornitore: per giungere a una soluzione realizzabile devi mettere con lealt\u00e0 i problemi sul tavolo e non stancarti di confrontare idee ed esperienze. Si possono avere opinioni diverse ma la discussione serve per giungere a una soluzione ottimale condivisa. Molte volte, cos\u00ec, si diventa anche amici\".<\/h2>\t\t\t\t<\/div>\n\t\t\t\t<div class=\"elementor-element elementor-element-12712bfc elementor-invisible elementor-widget elementor-widget-text-editor\" data-id=\"12712bfc\" data-element_type=\"widget\" data-e-type=\"widget\" data-settings=\"{&quot;_animation&quot;:&quot;slideInLeft&quot;,&quot;_animation_delay&quot;:100}\" data-widget_type=\"text-editor.default\">\n\t\t\t\t\t\t\t\t\t<p>Roberto de Falco<\/p>\t\t\t\t\t\t\t\t<\/div>\n\t\t\t\t\t<\/div>\n\t\t<\/div>\n\t\t\t\t<div class=\"elementor-column elementor-col-33 elementor-top-column elementor-element elementor-element-50db7e59\" data-id=\"50db7e59\" data-element_type=\"column\" data-e-type=\"column\">\n\t\t\t<div class=\"elementor-widget-wrap\">\n\t\t\t\t\t\t\t<\/div>\n\t\t<\/div>\n\t\t\t\t\t<\/div>\n\t\t<\/section>\n\t\t\t\t<section class=\"elementor-section elementor-top-section elementor-element elementor-element-3b10e2df elementor-section-boxed elementor-section-height-default elementor-section-height-default wpr-particle-no wpr-jarallax-no wpr-parallax-no wpr-sticky-section-no wpr-equal-height-no\" data-id=\"3b10e2df\" data-element_type=\"section\" data-e-type=\"section\" data-settings=\"{&quot;background_background&quot;:&quot;classic&quot;}\">\n\t\t\t\t\t\t<div class=\"elementor-container elementor-column-gap-default\">\n\t\t\t\t\t<div class=\"elementor-column elementor-col-100 elementor-top-column elementor-element elementor-element-4edfa528 elementor-invisible\" data-id=\"4edfa528\" data-element_type=\"column\" data-e-type=\"column\" data-settings=\"{&quot;animation&quot;:&quot;zoomIn&quot;,&quot;background_background&quot;:&quot;classic&quot;}\">\n\t\t\t<div class=\"elementor-widget-wrap elementor-element-populated\">\n\t\t\t\t\t\t<div class=\"elementor-element elementor-element-4a461072 elementor-widget elementor-widget-heading\" data-id=\"4a461072\" data-element_type=\"widget\" data-e-type=\"widget\" data-widget_type=\"heading.default\">\n\t\t\t\t\t<h2 class=\"elementor-heading-title elementor-size-default\">MISSION<\/h2>\t\t\t\t<\/div>\n\t\t\t\t<div class=\"elementor-element elementor-element-683c073d elementor-widget-mobile__width-initial elementor-widget elementor-widget-text-editor\" data-id=\"683c073d\" data-element_type=\"widget\" data-e-type=\"widget\" data-widget_type=\"text-editor.default\">\n\t\t\t\t\t\t\t\t\t<p>Dal 2005 Upgrading Services \u00e8 azienda leader nel settore dell\u2019impiantistica e dell\u2019edilizia collegata.<\/p><p>Realizza impianti tecnologici per grandi imprese pubbliche e private, curando l\u2019intero processo, dalla progettazione alla manutenzione.<\/p><p>Upgrading Services crede nell\u2019esigenza di coniugare tecnologia e ambiente: per questo collabora con universit\u00e0 e centri di ricerca internazionali nello sviluppo di soluzioni meno impattanti.<\/p><p>La partnership con Upgrading Services \u00e8 la base di partenza per innalzare il livello di autonomia, efficienza e sostenibilit\u00e0 della propria organizzazione.<\/p>\t\t\t\t\t\t\t\t<\/div>\n\t\t\t\t\t<\/div>\n\t\t<\/div>\n\t\t\t\t\t<\/div>\n\t\t<\/section>\n\t\t\t\t<section class=\"elementor-section elementor-top-section elementor-element elementor-element-4dc42a50 elementor-section-full_width ct-section-stretched elementor-section-height-default elementor-section-height-default wpr-particle-no wpr-jarallax-no wpr-parallax-no wpr-sticky-section-no wpr-equal-height-no\" data-id=\"4dc42a50\" data-element_type=\"section\" data-e-type=\"section\">\n\t\t\t\t\t\t<div class=\"elementor-container elementor-column-gap-default\">\n\t\t\t\t\t<div class=\"elementor-column elementor-col-100 elementor-top-column elementor-element elementor-element-3385d73a\" data-id=\"3385d73a\" data-element_type=\"column\" data-e-type=\"column\" data-settings=\"{&quot;background_background&quot;:&quot;classic&quot;}\">\n\t\t\t<div class=\"elementor-widget-wrap elementor-element-populated\">\n\t\t\t\t\t\t<div class=\"elementor-element elementor-element-6b05450a elementor-widget elementor-widget-heading\" data-id=\"6b05450a\" data-element_type=\"widget\" data-e-type=\"widget\" data-widget_type=\"heading.default\">\n\t\t\t\t\t<h2 class=\"elementor-heading-title elementor-size-default\">Dove operiamo<\/h2>\t\t\t\t<\/div>\n\t\t\t\t<section class=\"elementor-section elementor-inner-section elementor-element elementor-element-5fefd8d3 elementor-section-boxed elementor-section-height-default elementor-section-height-default wpr-particle-no wpr-jarallax-no wpr-parallax-no wpr-sticky-section-no wpr-equal-height-no\" data-id=\"5fefd8d3\" data-element_type=\"section\" data-e-type=\"section\">\n\t\t\t\t\t\t<div class=\"elementor-container elementor-column-gap-default\">\n\t\t\t\t\t<div class=\"elementor-column elementor-col-100 elementor-inner-column elementor-element elementor-element-23f01373\" data-id=\"23f01373\" data-element_type=\"column\" data-e-type=\"column\">\n\t\t\t<div class=\"elementor-widget-wrap elementor-element-populated\">\n\t\t\t\t\t\t<div class=\"elementor-element elementor-element-1a0434d0 elementor-widget elementor-widget-video\" data-id=\"1a0434d0\" data-element_type=\"widget\" data-e-type=\"widget\" data-settings=\"{&quot;video_type&quot;:&quot;hosted&quot;,&quot;autoplay&quot;:&quot;yes&quot;,&quot;play_on_mobile&quot;:&quot;yes&quot;,&quot;mute&quot;:&quot;yes&quot;,&quot;loop&quot;:&quot;yes&quot;}\" data-widget_type=\"video.default\">\n\t\t\t\t\t\t\t<div class=\"e-hosted-video elementor-wrapper elementor-open-inline\">\n\t\t\t\t\t<video class=\"elementor-video\" src=\"https:\/\/www.upgradingservices.it\/wp-content\/uploads\/2025\/12\/italia.mp4\" autoplay=\"\" loop=\"\" muted=\"muted\" playsinline=\"\" controlsList=\"nodownload\"><\/video>\n\t\t\t\t<\/div>\n\t\t\t\t\t\t<\/div>\n\t\t\t\t\t<\/div>\n\t\t<\/div>\n\t\t\t\t\t<\/div>\n\t\t<\/section>\n\t\t\t\t\t<\/div>\n\t\t<\/div>\n\t\t\t\t\t<\/div>\n\t\t<\/section>\n\t\t\t\t<section class=\"elementor-section elementor-top-section elementor-element elementor-element-2163d07d elementor-section-height-min-height elementor-section-content-middle elementor-section-full_width elementor-section-height-default elementor-section-items-middle wpr-particle-no wpr-jarallax-no wpr-parallax-no wpr-sticky-section-no wpr-equal-height-no\" data-id=\"2163d07d\" data-element_type=\"section\" data-e-type=\"section\" data-settings=\"{&quot;background_background&quot;:&quot;classic&quot;}\">\n\t\t\t\t\t\t\t<div class=\"elementor-background-overlay\"><\/div>\n\t\t\t\t\t\t\t<div class=\"elementor-container elementor-column-gap-default\">\n\t\t\t\t\t<div class=\"elementor-column elementor-col-33 elementor-top-column elementor-element elementor-element-778cef1\" data-id=\"778cef1\" data-element_type=\"column\" data-e-type=\"column\">\n\t\t\t<div class=\"elementor-widget-wrap\">\n\t\t\t\t\t\t\t<\/div>\n\t\t<\/div>\n\t\t\t\t<div class=\"elementor-column elementor-col-33 elementor-top-column elementor-element elementor-element-3bd3d3ca\" data-id=\"3bd3d3ca\" data-element_type=\"column\" data-e-type=\"column\">\n\t\t\t<div class=\"elementor-widget-wrap elementor-element-populated\">\n\t\t\t\t\t\t<div class=\"elementor-element elementor-element-6ff8e28d elementor-widget__width-initial elementor-invisible elementor-widget elementor-widget-heading\" data-id=\"6ff8e28d\" data-element_type=\"widget\" data-e-type=\"widget\" data-settings=\"{&quot;_animation&quot;:&quot;slideInRight&quot;}\" data-widget_type=\"heading.default\">\n\t\t\t\t\t<h2 class=\"elementor-heading-title elementor-size-default\">Upgrading Services opera a livello&nbsp;nazionale.<\/h2>\t\t\t\t<\/div>\n\t\t\t\t<div class=\"elementor-element elementor-element-180e6aab elementor-invisible elementor-widget elementor-widget-text-editor\" data-id=\"180e6aab\" data-element_type=\"widget\" data-e-type=\"widget\" data-settings=\"{&quot;_animation&quot;:&quot;slideInLeft&quot;,&quot;_animation_delay&quot;:100}\" data-widget_type=\"text-editor.default\">\n\t\t\t\t\t\t\t\t\t<p>\u00a0La presenza di Cantieri in tutta Italia ha portato la Societ\u00e0 a istituire\u00a0<strong>Strutture<\/strong>\u00a0<strong>di Coordinamento<\/strong>, perfetto connubio tra risorse di gestione ed operative, interne ed esterne:<\/p><ul><li><strong>Capi Commessa\u00a0<\/strong>dedicati alla gestione di Appalti afferenti a specifiche aree geografiche e settori di produzione.<\/li><li><strong>Squadre Operative,<\/strong>\u00a0composte da operatori specializzati nei diversi settori di interesse, flessibili e dalla notevole mobilit\u00e0, assicurano il\u00a0<strong>raggiungimento dei risultati attesi\u00a0<\/strong>e\u00a0<strong>l\u2019omogeneit\u00e0 dei Cantieri\u00a0<\/strong>in termini di performance<\/li><li><strong>Una fitta rete di Fornitori,\u00a0<\/strong>che garantisce l\u2019aderenza dei tempi di approvvigionamento con il crono-programma dei lavori, grazie anche all\u2019adozione della\u00a0<strong>Filiera corta<\/strong>, per cui vengono scelti, tra quelli gi\u00e0 qualificati, i fornitori pi\u00f9 vicini ai Cantieri.<\/li><\/ul>\t\t\t\t\t\t\t\t<\/div>\n\t\t\t\t\t<\/div>\n\t\t<\/div>\n\t\t\t\t<div class=\"elementor-column elementor-col-33 elementor-top-column elementor-element elementor-element-7b2d5b36\" data-id=\"7b2d5b36\" data-element_type=\"column\" data-e-type=\"column\">\n\t\t\t<div class=\"elementor-widget-wrap\">\n\t\t\t\t\t\t\t<\/div>\n\t\t<\/div>\n\t\t\t\t\t<\/div>\n\t\t<\/section>\n\t\t<div class=\"elementor-element elementor-element-7085f37f e-flex e-con-boxed wpr-particle-no wpr-jarallax-no wpr-parallax-no wpr-sticky-section-no wpr-equal-height-no e-con e-parent\" data-id=\"7085f37f\" data-element_type=\"container\" data-e-type=\"container\" data-settings=\"{&quot;background_background&quot;:&quot;classic&quot;}\">\n\t\t\t\t\t<div class=\"e-con-inner\">\n\t\t\t\t\t<\/div>\n\t\t\t\t<\/div>\n\t\t\t\t<\/div>\n\t\t","protected":false},"excerpt":{"rendered":"<p>Azienda Coniughiamo la solidit\u00e0 delle grandi imprese con la flessibilit\u00e0 delle piccole per creare soluzioni su misura Chi siamo La storia di Upgrading Services racconta di passione e cura per i Clienti. Operiamo nel Global Service e presidiamo con risorse e strutture dedicate sia gli aspetti \u201csoft\u201d legati all&#8217;ingegnerizzazione dei servizi sia quelli \u201chard\u201d legati alla loro erogazione. Pratichiamo ogni servizio affinch\u00e9 sia fondato su un modello propositivo di sostenibilit\u00e0, investendo in ricerca e sviluppo. Dal 2005 continuiamo a crescere, basando il nostro operato sull&#8217;idea che il giusto mix di innovazione e ottimizzazione delle risorse aziendali porti a una migliore qualit\u00e0 e all&#8217;ampliamento della gamma dei servizi offerti. Questo ci ha resi una realt\u00e0 che opera a livello nazionale, come dimostrano l&#8217;importante portafoglio clienti e le significative partnership \u2013 universit\u00e0, centri di ricerca, aziende specializzate &#8211; che nel tempo hanno contribuito a delineare scenari futuri di sviluppo aziendale e occupazionale. &#8220;Non importa che tu sia il cliente o il fornitore: per giungere a una soluzione realizzabile devi mettere con lealt\u00e0 i problemi sul tavolo e non stancarti di confrontare idee ed esperienze. Si possono avere opinioni diverse ma la discussione serve per giungere a una soluzione ottimale condivisa. Molte volte, cos\u00ec, si diventa anche amici&#8221;. Roberto de Falco MISSION Dal 2005 Upgrading Services \u00e8 azienda leader nel settore dell\u2019impiantistica e dell\u2019edilizia collegata. Realizza impianti tecnologici per grandi imprese pubbliche e private, curando l\u2019intero processo, dalla progettazione alla manutenzione. Upgrading Services crede nell\u2019esigenza di coniugare tecnologia e ambiente: per questo collabora con universit\u00e0 e centri di ricerca internazionali nello sviluppo di soluzioni meno impattanti. La partnership con Upgrading Services \u00e8 la base di partenza per innalzare il livello di autonomia, efficienza e sostenibilit\u00e0 della propria organizzazione. Dove operiamo https:\/\/www.upgradingservices.it\/wp-content\/uploads\/2025\/12\/italia.mp4 Upgrading Services opera a livello&nbsp;nazionale. \u00a0La presenza di Cantieri in tutta Italia ha portato la Societ\u00e0 a istituire\u00a0Strutture\u00a0di Coordinamento, perfetto connubio tra risorse di gestione ed operative, interne ed esterne: Capi Commessa\u00a0dedicati alla gestione di Appalti afferenti a specifiche aree geografiche e settori di produzione. Squadre Operative,\u00a0composte da operatori specializzati nei diversi settori di interesse, flessibili e dalla notevole mobilit\u00e0, assicurano il\u00a0raggiungimento dei risultati attesi\u00a0e\u00a0l\u2019omogeneit\u00e0 dei Cantieri\u00a0in termini di performance Una fitta rete di Fornitori,\u00a0che garantisce l\u2019aderenza dei tempi di approvvigionamento con il crono-programma dei lavori, grazie anche all\u2019adozione della\u00a0Filiera corta, per cui vengono scelti, tra quelli gi\u00e0 qualificati, i fornitori pi\u00f9 vicini ai Cantieri.<\/p>\n","protected":false},"author":2,"featured_media":0,"parent":0,"menu_order":0,"comment_status":"closed","ping_status":"closed","template":"","meta":{"footnotes":""},"class_list":["post-1359","page","type-page","status-publish","hentry"],"blocksy_meta":[],"_links":{"self":[{"href":"https:\/\/www.upgradingservices.it\/index.php\/wp-json\/wp\/v2\/pages\/1359","targetHints":{"allow":["GET"]}}],"collection":[{"href":"https:\/\/www.upgradingservices.it\/index.php\/wp-json\/wp\/v2\/pages"}],"about":[{"href":"https:\/\/www.upgradingservices.it\/index.php\/wp-json\/wp\/v2\/types\/page"}],"author":[{"embeddable":true,"href":"https:\/\/www.upgradingservices.it\/index.php\/wp-json\/wp\/v2\/users\/2"}],"replies":[{"embeddable":true,"href":"https:\/\/www.upgradingservices.it\/index.php\/wp-json\/wp\/v2\/comments?post=1359"}],"version-history":[{"count":52,"href":"https:\/\/www.upgradingservices.it\/index.php\/wp-json\/wp\/v2\/pages\/1359\/revisions"}],"predecessor-version":[{"id":2799,"href":"https:\/\/www.upgradingservices.it\/index.php\/wp-json\/wp\/v2\/pages\/1359\/revisions\/2799"}],"wp:attachment":[{"href":"https:\/\/www.upgradingservices.it\/index.php\/wp-json\/wp\/v2\/media?parent=1359"}],"curies":[{"name":"wp","href":"https:\/\/api.w.org\/{rel}","templated":true}]}}